{"id":3847,"date":"2017-11-21T13:46:29","date_gmt":"2017-11-21T12:46:29","guid":{"rendered":"http:\/\/www.trovet.com\/?page_id=3847\/"},"modified":"2023-09-14T10:37:56","modified_gmt":"2023-09-14T08:37:56","slug":"eliminatiedieten-voor-honden","status":"publish","type":"page","link":"https:\/\/www.trovet.com\/nl\/eliminatiedieten-voor-honden\/","title":{"rendered":"Eliminatiedi\u00ebten voor honden"},"content":{"rendered":"<p>We spreken van voedselovergevoeligheid wanneer bepaalde voedingsbestanddelen niet verdragen worden. Klachten die mogelijk optreden bij het eten van deze voedingsbestanddelen zijn veelal jeuk, braken of diarree. Maar het komt ook regelmatig voor dat de enige klacht een terugkerende oorontsteking is. Combinaties van huid- en darmproblemen komen eveneens vaak voor.<\/p>\n<p><img loading=\"lazy\" decoding=\"async\" class=\"alignnone size-full wp-image-8445\" src=\"https:\/\/www.trovet.com\/wp-content\/uploads\/2020\/06\/TROVET_eliminatie_hond.png\" alt=\"\" width=\"601\" height=\"189\" srcset=\"https:\/\/www.trovet.com\/wp-content\/uploads\/2020\/06\/TROVET_eliminatie_hond.png 601w, https:\/\/www.trovet.com\/wp-content\/uploads\/2020\/06\/TROVET_eliminatie_hond-300x94.png 300w\" sizes=\"auto, (max-width: 601px) 100vw, 601px\" \/><\/p>\n<p>Het vaststellen van voedselovergevoeligheid vindt normaal gesproken plaats met een zogenaamd eliminatiedieet. Een eliminatiedieet bevat slechts \u00e9\u00e9n koolhydraatbron (zoals gekookte witte rijst of aardappel) en \u00e9\u00e9n bron van (dierlijk) eiwit, welke niet in de normale voeding van uw hond is voorgekomen. Eiwitbronnen die hier onder kunnen vallen zijn bijvoorbeeld paard, hert en konijn. Het doel van een eliminatiedieet is om vast te stellen of uw hond daadwerkelijk voedselovergevoelig is. Een aantal symptomen die u bij voedselovergevoeligheid waarneemt, passen namelijk ook bij andere vormen van allergie, zoals vlooienallergie of graspollenallergie. Verder heeft het eliminatiedieet tot doel te achterhalen welk voedingsbestanddeel de klachten veroorzaakt en uw hond klachtenvrij te krijgen en houden.<\/p>\n<p>Bij het verstrekken van een eliminatiedieet gaat de voorkeur uit naar het zelf bereiden van het dieet. Zelf koken betekent namelijk dat u precies weet wat u voert. Ook toevoegingen zoals conserveringsmiddelen, kleur-, geur- en smaakstoffen, waar uw hond overgevoelig voor kan zijn, ontbreken in een zelfbereid dieet. Dit maakt de kans op succes groter.<\/p>\n","protected":false},"excerpt":{"rendered":"<p>We spreken van voedselovergevoeligheid wanneer bepaalde voedingsbestanddelen niet verdragen worden. Klachten die mogelijk optreden bij het eten van deze voedingsbestanddelen zijn veelal jeuk, braken of diarree. Maar het komt ook regelmatig voor dat de enige klacht een terugkerende oorontsteking is. Combinaties van huid- en darmproblemen komen eveneens vaak voor. Het vaststellen van voedselovergevoeligheid vindt normaal [&hellip;]<\/p>\n","protected":false},"author":2,"featured_media":0,"parent":0,"menu_order":0,"comment_status":"closed","ping_status":"closed","template":"template-producten-functie.php","meta":{"footnotes":""},"class_list":["post-3847","page","type-page","status-publish","hentry"],"acf":[],"yoast_head":"<!-- This site is optimized with the Yoast SEO plugin v21.9.1 - https:\/\/yoast.com\/wordpress\/plugins\/seo\/ -->\n<title>Eliminatiedi\u00ebten voor honden - Trovet<\/title>\n<meta name=\"robots\" content=\"index, follow, max-snippet:-1, max-image-preview:large, max-video-preview:-1\" \/>\n<link rel=\"canonical\" href=\"https:\/\/www.trovet.com\/nl\/eliminatiedieten-voor-honden\/\" \/>\n<meta property=\"og:locale\" content=\"nl_NL\" \/>\n<meta property=\"og:type\" content=\"article\" \/>\n<meta property=\"og:title\" content=\"Eliminatiedi\u00ebten voor honden - Trovet\" \/>\n<meta property=\"og:description\" content=\"We spreken van voedselovergevoeligheid wanneer bepaalde voedingsbestanddelen niet verdragen worden. Klachten die mogelijk optreden bij het eten van deze voedingsbestanddelen zijn veelal jeuk, braken of diarree. Maar het komt ook regelmatig voor dat de enige klacht een terugkerende oorontsteking is. Combinaties van huid- en darmproblemen komen eveneens vaak voor. Het vaststellen van voedselovergevoeligheid vindt normaal [&hellip;]\" \/>\n<meta property=\"og:url\" content=\"https:\/\/www.trovet.com\/nl\/eliminatiedieten-voor-honden\/\" \/>\n<meta property=\"og:site_name\" content=\"Trovet\" \/>\n<meta property=\"article:modified_time\" content=\"2023-09-14T08:37:56+00:00\" \/>\n<meta property=\"og:image\" content=\"https:\/\/www.trovet.com\/wp-content\/uploads\/2020\/06\/TROVET_eliminatie_hond.png\" \/>\n<meta name=\"twitter:card\" content=\"summary_large_image\" \/>\n<meta name=\"twitter:label1\" content=\"Geschatte leestijd\" \/>\n\t<meta name=\"twitter:data1\" content=\"2 minuten\" \/>\n<script type=\"application\/ld+json\" class=\"yoast-schema-graph\">{\"@context\":\"https:\/\/schema.org\",\"@graph\":[{\"@type\":\"WebPage\",\"@id\":\"https:\/\/www.trovet.com\/nl\/eliminatiedieten-voor-honden\/\",\"url\":\"https:\/\/www.trovet.com\/nl\/eliminatiedieten-voor-honden\/\",\"name\":\"Eliminatiedi\u00ebten voor honden - Trovet\",\"isPartOf\":{\"@id\":\"https:\/\/www.trovet.com\/nl\/#website\"},\"datePublished\":\"2017-11-21T12:46:29+00:00\",\"dateModified\":\"2023-09-14T08:37:56+00:00\",\"breadcrumb\":{\"@id\":\"https:\/\/www.trovet.com\/nl\/eliminatiedieten-voor-honden\/#breadcrumb\"},\"inLanguage\":\"nl-NL\",\"potentialAction\":[{\"@type\":\"ReadAction\",\"target\":[\"https:\/\/www.trovet.com\/nl\/eliminatiedieten-voor-honden\/\"]}]},{\"@type\":\"BreadcrumbList\",\"@id\":\"https:\/\/www.trovet.com\/nl\/eliminatiedieten-voor-honden\/#breadcrumb\",\"itemListElement\":[{\"@type\":\"ListItem\",\"position\":1,\"name\":\"Home\",\"item\":\"https:\/\/www.trovet.com\/nl\/\"},{\"@type\":\"ListItem\",\"position\":2,\"name\":\"Eliminatiedi\u00ebten voor honden\"}]},{\"@type\":\"WebSite\",\"@id\":\"https:\/\/www.trovet.com\/nl\/#website\",\"url\":\"https:\/\/www.trovet.com\/nl\/\",\"name\":\"Trovet\",\"description\":\"En nog een WordPress site\",\"potentialAction\":[{\"@type\":\"SearchAction\",\"target\":{\"@type\":\"EntryPoint\",\"urlTemplate\":\"https:\/\/www.trovet.com\/nl\/?s={search_term_string}\"},\"query-input\":\"required name=search_term_string\"}],\"inLanguage\":\"nl-NL\"}]}<\/script>\n<!-- \/ Yoast SEO plugin. -->","yoast_head_json":{"title":"Eliminatiedi\u00ebten voor honden - Trovet","robots":{"index":"index","follow":"follow","max-snippet":"max-snippet:-1","max-image-preview":"max-image-preview:large","max-video-preview":"max-video-preview:-1"},"canonical":"https:\/\/www.trovet.com\/nl\/eliminatiedieten-voor-honden\/","og_locale":"nl_NL","og_type":"article","og_title":"Eliminatiedi\u00ebten voor honden - Trovet","og_description":"We spreken van voedselovergevoeligheid wanneer bepaalde voedingsbestanddelen niet verdragen worden. Klachten die mogelijk optreden bij het eten van deze voedingsbestanddelen zijn veelal jeuk, braken of diarree. Maar het komt ook regelmatig voor dat de enige klacht een terugkerende oorontsteking is. Combinaties van huid- en darmproblemen komen eveneens vaak voor. Het vaststellen van voedselovergevoeligheid vindt normaal [&hellip;]","og_url":"https:\/\/www.trovet.com\/nl\/eliminatiedieten-voor-honden\/","og_site_name":"Trovet","article_modified_time":"2023-09-14T08:37:56+00:00","og_image":[{"url":"https:\/\/www.trovet.com\/wp-content\/uploads\/2020\/06\/TROVET_eliminatie_hond.png"}],"twitter_card":"summary_large_image","twitter_misc":{"Geschatte leestijd":"2 minuten"},"schema":{"@context":"https:\/\/schema.org","@graph":[{"@type":"WebPage","@id":"https:\/\/www.trovet.com\/nl\/eliminatiedieten-voor-honden\/","url":"https:\/\/www.trovet.com\/nl\/eliminatiedieten-voor-honden\/","name":"Eliminatiedi\u00ebten voor honden - Trovet","isPartOf":{"@id":"https:\/\/www.trovet.com\/nl\/#website"},"datePublished":"2017-11-21T12:46:29+00:00","dateModified":"2023-09-14T08:37:56+00:00","breadcrumb":{"@id":"https:\/\/www.trovet.com\/nl\/eliminatiedieten-voor-honden\/#breadcrumb"},"inLanguage":"nl-NL","potentialAction":[{"@type":"ReadAction","target":["https:\/\/www.trovet.com\/nl\/eliminatiedieten-voor-honden\/"]}]},{"@type":"BreadcrumbList","@id":"https:\/\/www.trovet.com\/nl\/eliminatiedieten-voor-honden\/#breadcrumb","itemListElement":[{"@type":"ListItem","position":1,"name":"Home","item":"https:\/\/www.trovet.com\/nl\/"},{"@type":"ListItem","position":2,"name":"Eliminatiedi\u00ebten voor honden"}]},{"@type":"WebSite","@id":"https:\/\/www.trovet.com\/nl\/#website","url":"https:\/\/www.trovet.com\/nl\/","name":"Trovet","description":"En nog een WordPress site","potentialAction":[{"@type":"SearchAction","target":{"@type":"EntryPoint","urlTemplate":"https:\/\/www.trovet.com\/nl\/?s={search_term_string}"},"query-input":"required name=search_term_string"}],"inLanguage":"nl-NL"}]}},"_links":{"self":[{"href":"https:\/\/www.trovet.com\/nl\/wp-json\/wp\/v2\/pages\/3847","targetHints":{"allow":["GET"]}}],"collection":[{"href":"https:\/\/www.trovet.com\/nl\/wp-json\/wp\/v2\/pages"}],"about":[{"href":"https:\/\/www.trovet.com\/nl\/wp-json\/wp\/v2\/types\/page"}],"author":[{"embeddable":true,"href":"https:\/\/www.trovet.com\/nl\/wp-json\/wp\/v2\/users\/2"}],"replies":[{"embeddable":true,"href":"https:\/\/www.trovet.com\/nl\/wp-json\/wp\/v2\/comments?post=3847"}],"version-history":[{"count":49,"href":"https:\/\/www.trovet.com\/nl\/wp-json\/wp\/v2\/pages\/3847\/revisions"}],"predecessor-version":[{"id":9607,"href":"https:\/\/www.trovet.com\/nl\/wp-json\/wp\/v2\/pages\/3847\/revisions\/9607"}],"wp:attachment":[{"href":"https:\/\/www.trovet.com\/nl\/wp-json\/wp\/v2\/media?parent=3847"}],"curies":[{"name":"wp","href":"https:\/\/api.w.org\/{rel}","templated":true}]}}